{"id":19,"date":"2018-04-22T07:46:04","date_gmt":"2018-04-22T07:46:04","guid":{"rendered":"http:\/\/www.estellacafe.cz\/?page_id=19"},"modified":"2026-01-04T21:23:24","modified_gmt":"2026-01-04T21:23:24","slug":"kontakt","status":"publish","type":"page","link":"https:\/\/www.estellacafe.cz\/index.php\/kontakt\/","title":{"rendered":"Kontakt"},"content":{"rendered":"<div id=\"pl-19\"  class=\"panel-layout\" ><div id=\"pg-19-0\"  class=\"panel-grid panel-no-style\" ><div id=\"pgc-19-0-0\"  class=\"panel-grid-cell\" ><div id=\"panel-19-0-0-0\" class=\"so-panel widget widget_black-studio-tinymce widget_black_studio_tinymce panel-first-child panel-last-child\" data-index=\"0\" ><div class=\"textwidget\"><p style=\"text-align: center;\"><span style=\"color: #ffffff;\">@<span class=\"\" style=\"display:block;clear:both;height: 0px;padding-top: 5px;border-top-width:0px;border-bottom-width:0px;\"><\/span><\/span><\/p>\n<p style=\"text-align: center;\"><span style=\"color: #ffffff;\">Estella CAF\u00c9\u00a0<\/span><\/p>\n<p style=\"text-align: center;\"><span style=\"color: #ffffff;\">Jugosl\u00e1vsk\u00fdch partyz\u00e1n\u016f 26<\/span><br \/>\n<span style=\"color: #ffffff;\"> Praha 6, 160 00<\/span><\/p>\n<p style=\"text-align: center;\"><span style=\"color: #ffffff;\">vchod za rohem z n\u00e1m\u011bst\u00ed Interbrig\u00e1dy<\/span><\/p>\n<p style=\"text-align: center;\"><span style=\"color: #ffffff;\">OTEV\u00cdRAC\u00cd DOBA<\/span><\/p>\n<p style=\"text-align: center;\"><span style=\"color: #ffffff;\">po - p\u00e1 7,30 - 19,00<\/span><\/p>\n<p style=\"text-align: center;\"><span style=\"color: #ffffff;\">so 9,00 - 16,00<\/span><\/p>\n<p style=\"text-align: center;\"><span style=\"color: #ffffff;\">ne zav\u0159eno<\/span><\/p>\n<p style=\"text-align: center;\"><span style=\"color: #ffffff;\">Odpov\u011bdn\u00e1 osoba<\/span><br \/>\n<span style=\"color: #ffffff;\"> Lenka Tuh\u00e1\u010dkov\u00e1<\/span><\/p>\n<p style=\"text-align: center;\"><span style=\"color: #ffffff;\">info@estellacafe.cz<\/span><\/p>\n<\/div><\/div><\/div><div id=\"pgc-19-0-1\"  class=\"panel-grid-cell\" ><div id=\"panel-19-0-1-0\" class=\"so-panel widget widget_black-studio-tinymce widget_black_studio_tinymce panel-first-child panel-last-child\" data-index=\"1\" ><div class=\"textwidget\"><p><span class=\"\" style=\"display:block;clear:both;height: 0px;border-top-width:0px;border-bottom-width:0px;\"><\/span><\/p>\n<p><div id=\"wpgmza_map\" class=\"wpgmza_map\" data-settings='{\"id\":\"1\",\"map_title\":\"My first map\",\"map_width\":\"400\",\"map_height\":\"300\",\"map_start_lat\":\"50.104176\",\"map_start_lng\":\"14.395280\",\"map_start_location\":\"50.10417617209929,14.395279717895505\",\"map_start_zoom\":\"15\",\"default_marker\":\"0\",\"type\":\"1\",\"alignment\":\"1\",\"directions_enabled\":\"1\",\"styling_enabled\":\"0\",\"styling_json\":\"\",\"active\":\"0\",\"kml\":\"\",\"bicycle\":\"0\",\"traffic\":\"0\",\"dbox\":\"1\",\"dbox_width\":\"100\",\"listmarkers\":\"0\",\"listmarkers_advanced\":\"0\",\"filterbycat\":\"0\",\"ugm_enabled\":\"0\",\"ugm_category_enabled\":\"0\",\"fusion\":\"\",\"map_width_type\":\"px\",\"map_height_type\":\"px\",\"mass_marker_support\":\"1\",\"ugm_access\":\"0\",\"order_markers_by\":\"1\",\"order_markers_choice\":\"2\",\"show_user_location\":\"0\",\"default_to\":\"\",\"other_settings\":{\"store_locator_enabled\":2,\"store_locator_distance\":2,\"store_locator_default_radius\":\"25\",\"store_locator_not_found_message\":\"No results found in this location. Please try again.\",\"store_locator_bounce\":1,\"store_locator_query_string\":\"ZIP \\\/ Address:\",\"store_locator_default_address\":\"jugosl\\u00e1vsk\\u00fdch partyz\\u00e1n\\u016f 28\",\"wpgmza_store_locator_restrict\":\"cz\",\"store_locator_style\":\"modern\",\"wpgmza_store_locator_radius_style\":\"modern\",\"map_max_zoom\":\"1\",\"transport_layer\":0,\"wpgmza_theme_data\":\"\",\"wpgmza_show_points_of_interest\":1}}' data-map-id='1' Data-maps-engine='' data-shortcode-attributes='{\"id\":\"1\"}' style=\"display:block; overflow:auto; width:400px; height:300px; float:left;\"><\/div><\/p>\n<\/div><\/div><\/div><\/div><div id=\"pg-19-1\"  class=\"panel-grid panel-no-style\" ><div id=\"pgc-19-1-0\"  class=\"panel-grid-cell\" ><div id=\"panel-19-1-0-0\" class=\"so-panel widget widget_black-studio-tinymce widget_black_studio_tinymce panel-first-child\" data-index=\"2\" ><div class=\"textwidget\"><h3><span style=\"color: #ffffff;\">REZERVACE<\/span><\/h3>\n<p>&nbsp;<\/p>\n<h4 style=\"text-align: center;\"><span style=\"color: #ffffff;\">V p\u0159\u00edpad\u011b z\u00e1jmu o rezervaci volejte +420736523749 nebo\u00a0se n\u00e1m ozv\u011bte pomoc\u00ed kontaktn\u00edho formul\u00e1\u0159e n\u00ed\u017ee.<\/span><\/h4>\n<h4 style=\"text-align: center;\"><\/h4>\n<p>&nbsp;<\/p>\n<p><span style=\"color: #ffffff;\"><div role=\"form\" class=\"wpcf7\" id=\"wpcf7-f14-o1\" lang=\"cs-CZ\" dir=\"ltr\">\n<div class=\"screen-reader-response\"><p role=\"status\" aria-live=\"polite\" aria-atomic=\"true\"><\/p> <ul><\/ul><\/div>\n<form action=\"\/index.php\/wp-json\/wp\/v2\/pages\/19#wpcf7-f14-o1\" method=\"post\" class=\"wpcf7-form init\" novalidate=\"novalidate\" data-status=\"init\">\n<div style=\"display: none;\">\n<input type=\"hidden\" name=\"_wpcf7\" value=\"14\" \/>\n<input type=\"hidden\" name=\"_wpcf7_version\" value=\"5.6.4\" \/>\n<input type=\"hidden\" name=\"_wpcf7_locale\" value=\"cs_CZ\" \/>\n<input type=\"hidden\" name=\"_wpcf7_unit_tag\" value=\"wpcf7-f14-o1\" \/>\n<input type=\"hidden\" name=\"_wpcf7_container_post\" value=\"0\" \/>\n<input type=\"hidden\" name=\"_wpcf7_posted_data_hash\" value=\"\" \/>\n<input type=\"hidden\" name=\"_wpcf7cf_hidden_group_fields\" value=\"[]\" \/>\n<input type=\"hidden\" name=\"_wpcf7cf_hidden_groups\" value=\"[]\" \/>\n<input type=\"hidden\" name=\"_wpcf7cf_visible_groups\" value=\"[]\" \/>\n<input type=\"hidden\" name=\"_wpcf7cf_repeaters\" value=\"[]\" \/>\n<input type=\"hidden\" name=\"_wpcf7cf_steps\" value=\"{}\" \/>\n<input type=\"hidden\" name=\"_wpcf7cf_options\" value=\"{&quot;form_id&quot;:14,&quot;conditions&quot;:[{&quot;then_field&quot;:&quot;-1&quot;,&quot;and_rules&quot;:[{&quot;if_field&quot;:&quot;-1&quot;,&quot;operator&quot;:&quot;equals&quot;,&quot;if_value&quot;:&quot;&quot;}]}],&quot;settings&quot;:{&quot;animation&quot;:&quot;yes&quot;,&quot;animation_intime&quot;:200,&quot;animation_outtime&quot;:200,&quot;conditions_ui&quot;:&quot;normal&quot;,&quot;notice_dismissed&quot;:false}}\" \/>\n<input type=\"hidden\" name=\"_wpcf7_recaptcha_response\" value=\"\" \/>\n<\/div>\n<p><label> Va\u0161e jm\u00e9no (vy\u017eadov\u00e1no)<br \/>\n    <span class=\"wpcf7-form-control-wrap\" data-name=\"your-name\"><input type=\"text\" name=\"your-name\" value=\"\" size=\"40\" class=\"wpcf7-form-control wpcf7-text wpcf7-validates-as-required\" aria-required=\"true\" aria-invalid=\"false\" \/><\/span> <\/label><\/p>\n<p><label> V\u00e1\u0161 e-mail (vy\u017eadov\u00e1no)<br \/>\n    <span class=\"wpcf7-form-control-wrap\" data-name=\"your-email\"><input type=\"email\" name=\"your-email\" value=\"\" size=\"40\" class=\"wpcf7-form-control wpcf7-text wpcf7-email wpcf7-validates-as-required wpcf7-validates-as-email\" aria-required=\"true\" aria-invalid=\"false\" \/><\/span> <\/label><\/p>\n<p><label> Va\u0161e telefonn\u00ed \u010d\u00edslo (nepovinn\u00e9)<br \/>\n    <span class=\"wpcf7-form-control-wrap\" data-name=\"your-number\"><input type=\"text\" name=\"your-number\" value=\"\" size=\"40\" class=\"wpcf7-form-control wpcf7-text\" aria-invalid=\"false\" \/><\/span> <\/label><\/p>\n<p><label> Datum rezervace<br \/>\n    <span class=\"wpcf7-form-control-wrap\" data-name=\"your-subject\"><input type=\"text\" name=\"your-subject\" value=\"\" size=\"40\" class=\"wpcf7-form-control wpcf7-text\" aria-invalid=\"false\" \/><\/span> <\/label><\/p>\n<p><label> \u010cas rezervace<br \/>\n    <span class=\"wpcf7-form-control-wrap\" data-name=\"your-subject2\"><input type=\"text\" name=\"your-subject2\" value=\"\" size=\"40\" class=\"wpcf7-form-control wpcf7-text\" aria-invalid=\"false\" \/><\/span> <\/label><\/p>\n<p><label> Pozn\u00e1mky<br \/>\n    <span class=\"wpcf7-form-control-wrap\" data-name=\"your-message\"><textarea name=\"your-message\" cols=\"40\" rows=\"10\" class=\"wpcf7-form-control wpcf7-textarea\" aria-invalid=\"false\"><\/textarea><\/span> <\/label><\/p>\n<p><input type=\"submit\" value=\"Odeslat\" class=\"wpcf7-form-control has-spinner wpcf7-submit\" \/><\/p>\n<p style=\"display: none !important;\"><label>&#916;<textarea name=\"_wpcf7_ak_hp_textarea\" cols=\"45\" rows=\"8\" maxlength=\"100\"><\/textarea><\/label><input type=\"hidden\" id=\"ak_js_1\" name=\"_wpcf7_ak_js\" value=\"243\"\/><script>document.getElementById( \"ak_js_1\" ).setAttribute( \"value\", ( new Date() ).getTime() );<\/script><\/p><div class=\"wpcf7-response-output\" aria-hidden=\"true\"><\/div><\/form><\/div><\/span><\/p>\n<\/div><\/div><div id=\"panel-19-1-0-1\" class=\"so-panel widget widget_black-studio-tinymce widget_black_studio_tinymce panel-last-child\" data-index=\"3\" ><div class=\"textwidget\"><h4 style=\"text-align: center;\"><span style=\"color: #ffffff;\">Provozovatel<\/span><\/h4>\n<h4 style=\"text-align: center;\"><span style=\"color: #ffffff;\">TO EUROPE s.r.o.<\/span><br \/>\n<span style=\"color: #ffffff;\">Sv\u00e1\u017en\u00e1 1158, Rudn\u00e1, PS\u010c 252 19<\/span><br \/>\n<span style=\"color: #ffffff;\">I\u010c\u00a027380335<\/span><br \/>\n<span style=\"color: #ffffff;\">DI\u010c CZ27380335<\/span><br \/>\n<span style=\"color: #ffffff;\">C 109681 veden\u00e1 u M\u011bstsk\u00e9ho soudu v Praze<\/span><\/h4>\n<p style=\"padding-top: 30px; text-align: center;\"><a title=\"Z\u00e1sady ochrany osobn\u00edch \u00fadaj\u016f\" href=\"http:\/\/www.estellacafe.cz\/index.php\/zasady-ochrany-osobnich-udaju\/\">Cookies a Z\u00e1sady ochrany osobn\u00edch \u00fadaj\u016f<\/a><\/p>\n<\/div><\/div><\/div><\/div><\/div>","protected":false},"excerpt":{"rendered":"<p>@ Estella CAF\u00c9\u00a0 Jugosl\u00e1vsk\u00fdch partyz\u00e1n\u016f 26 Praha 6, 160 00 vchod za rohem z n\u00e1m\u011bst\u00ed Interbrig\u00e1dy OTEV\u00cdRAC\u00cd DOBA po &#8211; p\u00e1 7,30 &#8211; 19,00 so 9,00 &#8211; 16,00 ne zav\u0159eno Odpov\u011bdn\u00e1 osoba Lenka Tuh\u00e1\u010dkov\u00e1 info@estellacafe.cz REZERVACE &nbsp; V p\u0159\u00edpad\u011b z\u00e1jmu o rezervaci volejte +420736523749 nebo\u00a0se n\u00e1m ozv\u011bte pomoc\u00ed kontaktn\u00edho formul\u00e1\u0159e n\u00ed\u017ee. &nbsp; Provozovatel TO EUROPE &hellip; <a href=\"https:\/\/www.estellacafe.cz\/index.php\/kontakt\/\" class=\"more-link\">Continue reading <span class=\"screen-reader-text\">Kontakt<\/span> <span class=\"meta-nav\">&rarr;<\/span><\/a><\/p>\n","protected":false},"author":1,"featured_media":0,"parent":0,"menu_order":0,"comment_status":"closed","ping_status":"closed","template":"templates\/portfolio-page.php","meta":[],"_links":{"self":[{"href":"https:\/\/www.estellacafe.cz\/index.php\/wp-json\/wp\/v2\/pages\/19"}],"collection":[{"href":"https:\/\/www.estellacafe.cz\/index.php\/wp-json\/wp\/v2\/pages"}],"about":[{"href":"https:\/\/www.estellacafe.cz\/index.php\/wp-json\/wp\/v2\/types\/page"}],"author":[{"embeddable":true,"href":"https:\/\/www.estellacafe.cz\/index.php\/wp-json\/wp\/v2\/users\/1"}],"replies":[{"embeddable":true,"href":"https:\/\/www.estellacafe.cz\/index.php\/wp-json\/wp\/v2\/comments?post=19"}],"version-history":[{"count":296,"href":"https:\/\/www.estellacafe.cz\/index.php\/wp-json\/wp\/v2\/pages\/19\/revisions"}],"predecessor-version":[{"id":1394,"href":"https:\/\/www.estellacafe.cz\/index.php\/wp-json\/wp\/v2\/pages\/19\/revisions\/1394"}],"wp:attachment":[{"href":"https:\/\/www.estellacafe.cz\/index.php\/wp-json\/wp\/v2\/media?parent=19"}],"curies":[{"name":"wp","href":"https:\/\/api.w.org\/{rel}","templated":true}]}}